{"id":693,"date":"2025-11-19T12:53:06","date_gmt":"2025-11-19T12:53:06","guid":{"rendered":"https:\/\/devriesendevries.nl\/?post_type=product&#038;p=693"},"modified":"2025-11-29T15:09:01","modified_gmt":"2025-11-29T15:09:01","slug":"friesland-2","status":"publish","type":"product","link":"https:\/\/devriesendevries.nl\/nl\/product\/friesland-2\/","title":{"rendered":"Friesland"},"content":{"rendered":"<p class=\"my-2 [&amp;+p]:mt-4 [&amp;_strong:has(+br)]:inline-block [&amp;_strong:has(+br)]:pb-2\">This M\u00fcnster van Deventer Friesland Map was published in 1552 in Sebastian M\u00fcnster\u2019s <em>Cosmographi<\/em>. It is a hand-colored woodblock print. The map shows the provinces of Friesland, Groningen, Drenthe, Overijssel, and part of Gelderland. This example comes from the Italian edition.<\/p>\n<p class=\"my-2 [&amp;+p]:mt-4 [&amp;_strong:has(+br)]:inline-block [&amp;_strong:has(+br)]:pb-2\">Van Deventer was a pioneering Dutch cartographer of the 16th century. His detailed provincial maps formed a foundation for later cartography. They were often used to decorate mansions and palaces. Van Deventer\u2019s work applied early triangulation to create accurate regional maps.<\/p>\n<p class=\"my-2 [&amp;+p]:mt-4 [&amp;_strong:has(+br)]:inline-block [&amp;_strong:has(+br)]:pb-2\">This 1552 M\u00fcnster van Deventer Friesland map is prized by collectors. It captures the complex land and water patterns of the northern provinces in fine detail. The map reflects a key period in Dutch cartographic history.<\/p>\n<p class=\"my-2 [&amp;+p]:mt-4 [&amp;_strong:has(+br)]:inline-block [&amp;_strong:has(+br)]:pb-2\">Explore our\u00a0<a class=\"reset interactable cursor-pointer decoration-1 underline-offset-1 text-super hover:underline font-semibold\" href=\"https:\/\/devriesendevries.nl\/shop\/\" target=\"_blank\" rel=\"nofollow noopener\"><span class=\"text-box-trim-both\">collection of Dutch maps.<\/span><\/a><\/p>\n","protected":false},"excerpt":{"rendered":"<p>This M\u00fcnster van Deventer Friesland Map was published in 1552 in Sebastian M\u00fcnster\u2019s Cosmographi. It is a hand-colored woodblock print. The map shows the provinces of Friesland, Groningen, Drenthe, Overijssel, and part of Gelderland. This example comes from the Italian edition. Van Deventer was a pioneering Dutch cartographer of the 16th century. His detailed provincial [&hellip;]<\/p>\n","protected":false},"featured_media":557,"comment_status":"closed","ping_status":"closed","template":"","meta":{"_acf_changed":false},"product_brand":[],"product_cat":[22,44,19],"product_tag":[],"class_list":{"0":"post-693","1":"product","2":"type-product","3":"status-publish","4":"has-post-thumbnail","6":"product_cat-dutch-maps-and-plans","7":"product_cat-friesland-maps-and-plans","8":"product_cat-maps-and-plans","9":"pa_artist-jacob-van-deventer","10":"pa_condition-very-good-condition","11":"pa_era-16-century","12":"pa_orientation-portrait-orientation","14":"first","15":"instock","16":"taxable","17":"shipping-taxable","18":"purchasable","19":"product-type-simple"},"acf":[],"yoast_head":"<!-- This site is optimized with the Yoast SEO plugin v27.3 - https:\/\/yoast.com\/product\/yoast-seo-wordpress\/ -->\n<title>M\u00fcnster van Deventer Friesland Map 1552 | Early Woodblock Print<\/title>\n<meta name=\"description\" content=\"M\u00fcnster van Deventer Friesland Map 1552. Rare hand-colored woodblock map by Van Deventer, published in M\u00fcnster\u2019s Cosmographi.\" \/>\n<meta name=\"robots\" content=\"index, follow, max-snippet:-1, max-image-preview:large, max-video-preview:-1\" \/>\n<link rel=\"canonical\" href=\"https:\/\/devriesendevries.nl\/nl\/product\/friesland-2\/\" \/>\n<meta property=\"og:locale\" content=\"nl_NL\" \/>\n<meta property=\"og:type\" content=\"article\" \/>\n<meta property=\"og:title\" content=\"M\u00fcnster van Deventer Friesland Map 1552 | Early Woodblock Print\" \/>\n<meta property=\"og:description\" content=\"M\u00fcnster van Deventer Friesland Map 1552. Rare hand-colored woodblock map by Van Deventer, published in M\u00fcnster\u2019s Cosmographi.\" \/>\n<meta property=\"og:url\" content=\"https:\/\/devriesendevries.nl\/nl\/product\/friesland-2\/\" \/>\n<meta property=\"og:site_name\" content=\"devriesendevries.nl\" \/>\n<meta property=\"article:publisher\" content=\"https:\/\/www.facebook.com\/profile.php?id=100088880207660#\" \/>\n<meta property=\"article:modified_time\" content=\"2025-11-29T15:09:01+00:00\" \/>\n<meta property=\"og:image\" content=\"https:\/\/devriesendevries.nl\/wp-content\/uploads\/2025\/11\/Antique-map-of-Della-Germania-Friesland-scaled.jpg\" \/>\n\t<meta property=\"og:image:width\" content=\"1691\" \/>\n\t<meta property=\"og:image:height\" content=\"2560\" \/>\n\t<meta property=\"og:image:type\" content=\"image\/jpeg\" \/>\n<meta name=\"twitter:card\" content=\"summary_large_image\" \/>\n<meta name=\"twitter:label1\" content=\"Geschatte leestijd\" \/>\n\t<meta name=\"twitter:data1\" content=\"1 minuut\" \/>\n<script type=\"application\/ld+json\" class=\"yoast-schema-graph\">{\"@context\":\"https:\\\/\\\/schema.org\",\"@graph\":[{\"@type\":\"WebPage\",\"@id\":\"https:\\\/\\\/devriesendevries.nl\\\/product\\\/friesland-2\\\/\",\"url\":\"https:\\\/\\\/devriesendevries.nl\\\/product\\\/friesland-2\\\/\",\"name\":\"M\u00fcnster van Deventer Friesland Map 1552 | Early Woodblock Print\",\"isPartOf\":{\"@id\":\"https:\\\/\\\/devriesendevries.nl\\\/#website\"},\"primaryImageOfPage\":{\"@id\":\"https:\\\/\\\/devriesendevries.nl\\\/product\\\/friesland-2\\\/#primaryimage\"},\"image\":{\"@id\":\"https:\\\/\\\/devriesendevries.nl\\\/product\\\/friesland-2\\\/#primaryimage\"},\"thumbnailUrl\":\"https:\\\/\\\/devriesendevries.nl\\\/wp-content\\\/uploads\\\/2025\\\/11\\\/Antique-map-of-Della-Germania-Friesland-scaled.jpg\",\"datePublished\":\"2025-11-19T12:53:06+00:00\",\"dateModified\":\"2025-11-29T15:09:01+00:00\",\"description\":\"M\u00fcnster van Deventer Friesland Map 1552. Rare hand-colored woodblock map by Van Deventer, published in M\u00fcnster\u2019s Cosmographi.\",\"breadcrumb\":{\"@id\":\"https:\\\/\\\/devriesendevries.nl\\\/product\\\/friesland-2\\\/#breadcrumb\"},\"inLanguage\":\"nl-NL\",\"potentialAction\":[{\"@type\":\"ReadAction\",\"target\":[\"https:\\\/\\\/devriesendevries.nl\\\/product\\\/friesland-2\\\/\"]}]},{\"@type\":\"ImageObject\",\"inLanguage\":\"nl-NL\",\"@id\":\"https:\\\/\\\/devriesendevries.nl\\\/product\\\/friesland-2\\\/#primaryimage\",\"url\":\"https:\\\/\\\/devriesendevries.nl\\\/wp-content\\\/uploads\\\/2025\\\/11\\\/Antique-map-of-Della-Germania-Friesland-scaled.jpg\",\"contentUrl\":\"https:\\\/\\\/devriesendevries.nl\\\/wp-content\\\/uploads\\\/2025\\\/11\\\/Antique-map-of-Della-Germania-Friesland-scaled.jpg\",\"width\":1691,\"height\":2560,\"caption\":\"M\u00fcnster van Deventer Friesland Map 1552\"},{\"@type\":\"BreadcrumbList\",\"@id\":\"https:\\\/\\\/devriesendevries.nl\\\/product\\\/friesland-2\\\/#breadcrumb\",\"itemListElement\":[{\"@type\":\"ListItem\",\"position\":1,\"name\":\"Home\",\"item\":\"https:\\\/\\\/devriesendevries.nl\\\/\"},{\"@type\":\"ListItem\",\"position\":2,\"name\":\"Shop\",\"item\":\"https:\\\/\\\/devriesendevries.nl\\\/shop\\\/\"},{\"@type\":\"ListItem\",\"position\":3,\"name\":\"Friesland\"}]},{\"@type\":\"WebSite\",\"@id\":\"https:\\\/\\\/devriesendevries.nl\\\/#website\",\"url\":\"https:\\\/\\\/devriesendevries.nl\\\/\",\"name\":\"devriesendevries.nl\",\"description\":\"Antique Maps and Prints\",\"publisher\":{\"@id\":\"https:\\\/\\\/devriesendevries.nl\\\/#organization\"},\"potentialAction\":[{\"@type\":\"SearchAction\",\"target\":{\"@type\":\"EntryPoint\",\"urlTemplate\":\"https:\\\/\\\/devriesendevries.nl\\\/?s={search_term_string}\"},\"query-input\":{\"@type\":\"PropertyValueSpecification\",\"valueRequired\":true,\"valueName\":\"search_term_string\"}}],\"inLanguage\":\"nl-NL\"},{\"@type\":\"Organization\",\"@id\":\"https:\\\/\\\/devriesendevries.nl\\\/#organization\",\"name\":\"devriesendevries.nl\",\"url\":\"https:\\\/\\\/devriesendevries.nl\\\/\",\"logo\":{\"@type\":\"ImageObject\",\"inLanguage\":\"nl-NL\",\"@id\":\"https:\\\/\\\/devriesendevries.nl\\\/#\\\/schema\\\/logo\\\/image\\\/\",\"url\":\"https:\\\/\\\/devriesendevries.nl\\\/wp-content\\\/uploads\\\/2025\\\/11\\\/cropped-Antiques-DeVries-Favicon.png\",\"contentUrl\":\"https:\\\/\\\/devriesendevries.nl\\\/wp-content\\\/uploads\\\/2025\\\/11\\\/cropped-Antiques-DeVries-Favicon.png\",\"width\":512,\"height\":512,\"caption\":\"devriesendevries.nl\"},\"image\":{\"@id\":\"https:\\\/\\\/devriesendevries.nl\\\/#\\\/schema\\\/logo\\\/image\\\/\"},\"sameAs\":[\"https:\\\/\\\/www.facebook.com\\\/profile.php?id=100088880207660#\",\"https:\\\/\\\/www.instagram.com\\\/pietersprints\\\/\"]}]}<\/script>\n<!-- \/ Yoast SEO plugin. -->","yoast_head_json":{"title":"M\u00fcnster van Deventer Friesland Kaart 1552 | Vroege houtsnede","description":"M\u00fcnster van Deventer Friesland Kaart 1552. Zeldzame handgekleurde houtsnede door Van Deventer, gepubliceerd in M\u00fcnster's Cosmographi.","robots":{"index":"index","follow":"follow","max-snippet":"max-snippet:-1","max-image-preview":"max-image-preview:large","max-video-preview":"max-video-preview:-1"},"canonical":"https:\/\/devriesendevries.nl\/nl\/product\/friesland-2\/","og_locale":"nl_NL","og_type":"article","og_title":"M\u00fcnster van Deventer Friesland Map 1552 | Early Woodblock Print","og_description":"M\u00fcnster van Deventer Friesland Map 1552. Rare hand-colored woodblock map by Van Deventer, published in M\u00fcnster\u2019s Cosmographi.","og_url":"https:\/\/devriesendevries.nl\/nl\/product\/friesland-2\/","og_site_name":"devriesendevries.nl","article_publisher":"https:\/\/www.facebook.com\/profile.php?id=100088880207660#","article_modified_time":"2025-11-29T15:09:01+00:00","og_image":[{"width":1691,"height":2560,"url":"https:\/\/devriesendevries.nl\/wp-content\/uploads\/2025\/11\/Antique-map-of-Della-Germania-Friesland-scaled.jpg","type":"image\/jpeg"}],"twitter_card":"summary_large_image","twitter_misc":{"Geschatte leestijd":"1 minuut"},"schema":{"@context":"https:\/\/schema.org","@graph":[{"@type":"WebPage","@id":"https:\/\/devriesendevries.nl\/product\/friesland-2\/","url":"https:\/\/devriesendevries.nl\/product\/friesland-2\/","name":"M\u00fcnster van Deventer Friesland Kaart 1552 | Vroege houtsnede","isPartOf":{"@id":"https:\/\/devriesendevries.nl\/#website"},"primaryImageOfPage":{"@id":"https:\/\/devriesendevries.nl\/product\/friesland-2\/#primaryimage"},"image":{"@id":"https:\/\/devriesendevries.nl\/product\/friesland-2\/#primaryimage"},"thumbnailUrl":"https:\/\/devriesendevries.nl\/wp-content\/uploads\/2025\/11\/Antique-map-of-Della-Germania-Friesland-scaled.jpg","datePublished":"2025-11-19T12:53:06+00:00","dateModified":"2025-11-29T15:09:01+00:00","description":"M\u00fcnster van Deventer Friesland Kaart 1552. Zeldzame handgekleurde houtsnede door Van Deventer, gepubliceerd in M\u00fcnster's Cosmographi.","breadcrumb":{"@id":"https:\/\/devriesendevries.nl\/product\/friesland-2\/#breadcrumb"},"inLanguage":"nl-NL","potentialAction":[{"@type":"ReadAction","target":["https:\/\/devriesendevries.nl\/product\/friesland-2\/"]}]},{"@type":"ImageObject","inLanguage":"nl-NL","@id":"https:\/\/devriesendevries.nl\/product\/friesland-2\/#primaryimage","url":"https:\/\/devriesendevries.nl\/wp-content\/uploads\/2025\/11\/Antique-map-of-Della-Germania-Friesland-scaled.jpg","contentUrl":"https:\/\/devriesendevries.nl\/wp-content\/uploads\/2025\/11\/Antique-map-of-Della-Germania-Friesland-scaled.jpg","width":1691,"height":2560,"caption":"M\u00fcnster van Deventer Friesland Map 1552"},{"@type":"BreadcrumbList","@id":"https:\/\/devriesendevries.nl\/product\/friesland-2\/#breadcrumb","itemListElement":[{"@type":"ListItem","position":1,"name":"Home","item":"https:\/\/devriesendevries.nl\/"},{"@type":"ListItem","position":2,"name":"Shop","item":"https:\/\/devriesendevries.nl\/shop\/"},{"@type":"ListItem","position":3,"name":"Friesland"}]},{"@type":"WebSite","@id":"https:\/\/devriesendevries.nl\/#website","url":"https:\/\/devriesendevries.nl\/","name":"devriesendevries.nl","description":"Antique Maps and Prints","publisher":{"@id":"https:\/\/devriesendevries.nl\/#organization"},"potentialAction":[{"@type":"SearchAction","target":{"@type":"EntryPoint","urlTemplate":"https:\/\/devriesendevries.nl\/?s={search_term_string}"},"query-input":{"@type":"PropertyValueSpecification","valueRequired":true,"valueName":"search_term_string"}}],"inLanguage":"nl-NL"},{"@type":"Organization","@id":"https:\/\/devriesendevries.nl\/#organization","name":"devriesendevries.nl","url":"https:\/\/devriesendevries.nl\/","logo":{"@type":"ImageObject","inLanguage":"nl-NL","@id":"https:\/\/devriesendevries.nl\/#\/schema\/logo\/image\/","url":"https:\/\/devriesendevries.nl\/wp-content\/uploads\/2025\/11\/cropped-Antiques-DeVries-Favicon.png","contentUrl":"https:\/\/devriesendevries.nl\/wp-content\/uploads\/2025\/11\/cropped-Antiques-DeVries-Favicon.png","width":512,"height":512,"caption":"devriesendevries.nl"},"image":{"@id":"https:\/\/devriesendevries.nl\/#\/schema\/logo\/image\/"},"sameAs":["https:\/\/www.facebook.com\/profile.php?id=100088880207660#","https:\/\/www.instagram.com\/pietersprints\/"]}]}},"_links":{"self":[{"href":"https:\/\/devriesendevries.nl\/nl\/wp-json\/wp\/v2\/product\/693","targetHints":{"allow":["GET"]}}],"collection":[{"href":"https:\/\/devriesendevries.nl\/nl\/wp-json\/wp\/v2\/product"}],"about":[{"href":"https:\/\/devriesendevries.nl\/nl\/wp-json\/wp\/v2\/types\/product"}],"replies":[{"embeddable":true,"href":"https:\/\/devriesendevries.nl\/nl\/wp-json\/wp\/v2\/comments?post=693"}],"version-history":[{"count":4,"href":"https:\/\/devriesendevries.nl\/nl\/wp-json\/wp\/v2\/product\/693\/revisions"}],"predecessor-version":[{"id":1339,"href":"https:\/\/devriesendevries.nl\/nl\/wp-json\/wp\/v2\/product\/693\/revisions\/1339"}],"wp:featuredmedia":[{"embeddable":true,"href":"https:\/\/devriesendevries.nl\/nl\/wp-json\/wp\/v2\/media\/557"}],"wp:attachment":[{"href":"https:\/\/devriesendevries.nl\/nl\/wp-json\/wp\/v2\/media?parent=693"}],"wp:term":[{"taxonomy":"product_brand","embeddable":true,"href":"https:\/\/devriesendevries.nl\/nl\/wp-json\/wp\/v2\/product_brand?post=693"},{"taxonomy":"product_cat","embeddable":true,"href":"https:\/\/devriesendevries.nl\/nl\/wp-json\/wp\/v2\/product_cat?post=693"},{"taxonomy":"product_tag","embeddable":true,"href":"https:\/\/devriesendevries.nl\/nl\/wp-json\/wp\/v2\/product_tag?post=693"}],"curies":[{"name":"wp","href":"https:\/\/api.w.org\/{rel}","templated":true}]}}