{"id":1941,"date":"2026-01-23T13:08:54","date_gmt":"2026-01-23T13:08:54","guid":{"rendered":"https:\/\/devriesendevries.nl\/product\/4-prints-of-naples-napoli\/"},"modified":"2026-01-29T18:35:58","modified_gmt":"2026-01-29T18:35:58","slug":"4-prenten-van-napels","status":"publish","type":"product","link":"https:\/\/devriesendevries.nl\/nl\/product\/4-prints-of-naples-napoli\/","title":{"rendered":"4 prenten van Napels (Napoli)"},"content":{"rendered":"<p class=\"my-2 [&amp;+p]:mt-4 [&amp;_strong:has(+br)]:inline-block [&amp;_strong:has(+br)]:pb-2\">This Naples Optical Prints Set includes four finely handcoloured 18th\u2011century views of Naples, Italy (<em>Napoli, Italia<\/em>). Created after designs by Quilielm Baur and engraved by Fran\u00e7ois Xav. Habermann around 1760, the prints were published by the Academie Imperiale d\u2019Augsburg. These\u00a0<em>Vues d\u2019Optique<\/em>\u00a0or\u00a0<em>Guckkastenbl\u00e4tter<\/em>\u00a0were designed for zograscopes, giving an impressive sense of depth and perspective.<\/p>\n<p class=\"my-2 [&amp;+p]:mt-4 [&amp;_strong:has(+br)]:inline-block [&amp;_strong:has(+br)]:pb-2\">The four titles are:\u00a0<em>\u2018Vue du Place Grande \u00e0 Neaple vers Orient\u2019<\/em>,\u00a0<em>\u2018Vue du Mohle \u00e0 Neaple, avec le nouveau Chateaux\u2019<\/em>,\u00a0<em>\u2018Vue d\u2019un C\u00f4t\u00e9 du Jardin Royale \u00e0 Neaple\u2019<\/em>, and\u00a0<em>\u2018Vue d\u2019Arriv\u00e9 des Vaisseaux apres l\u2019Aille du Pallais Royale\u2019<\/em>. Each view captures lively scenes of the city\u2019s port, palaces, gardens, and bustling piazzas, reflecting the grandeur of 18th\u2011century Naples.<\/p>\n<p class=\"my-2 [&amp;+p]:mt-4 [&amp;_strong:has(+br)]:inline-block [&amp;_strong:has(+br)]:pb-2\">Each image measures about 28.5 x 42 cm and remains in very good condition with bright, fresh colouring. The fine detail and vivid tones express Habermann\u2019s mastery of architectural perspective and composition.<\/p>\n<p class=\"my-2 [&amp;+p]:mt-4 [&amp;_strong:has(+br)]:inline-block [&amp;_strong:has(+br)]:pb-2\">This Naples Optical Prints Set is perfect for collectors of antique city views or lovers of Italian art. It showcases the elegance, life, and splendour of Naples during the age of European travel and enlightenment.<\/p>\n","protected":false},"excerpt":{"rendered":"<p>This Naples Optical Prints Set includes four finely handcoloured 18th\u2011century views of Naples, Italy (Napoli, Italia). Created after designs by Quilielm Baur and engraved by Fran\u00e7ois Xav. Habermann around 1760, the prints were published by the Academie Imperiale d\u2019Augsburg. These\u00a0Vues d\u2019Optique\u00a0or\u00a0Guckkastenbl\u00e4tter\u00a0were designed for zograscopes, giving an impressive sense of depth and perspective. The four titles [&hellip;]<\/p>\n","protected":false},"featured_media":2686,"comment_status":"open","ping_status":"closed","template":"","meta":{"_acf_changed":false},"product_brand":[],"product_cat":[20,26],"product_tag":[],"class_list":{"0":"post-1941","1":"product","2":"type-product","3":"status-publish","4":"has-post-thumbnail","6":"product_cat-city-views","7":"product_cat-european-city-views","8":"pa_artist-quilielm-baur","9":"pa_condition-very-good-condition","10":"pa_era-18-century","11":"pa_orientation-landscape-orientation","13":"first","14":"instock","15":"taxable","16":"shipping-taxable","17":"purchasable","18":"product-type-simple"},"acf":[],"yoast_head":"<!-- This site is optimized with the Yoast SEO plugin v27.3 - https:\/\/yoast.com\/product\/yoast-seo-wordpress\/ -->\n<title>Naples Optical Prints Set by Habermann c.1760<\/title>\n<meta name=\"description\" content=\"Set of four Naples Optical Prints by Habermann, c.1760. Handcoloured 18th\u2011century views of Naples with vivid detail and bright colours.\" \/>\n<meta name=\"robots\" content=\"index, follow, max-snippet:-1, max-image-preview:large, max-video-preview:-1\" \/>\n<link rel=\"canonical\" href=\"https:\/\/devriesendevries.nl\/nl\/product\/4-prenten-van-napels\/\" \/>\n<meta property=\"og:locale\" content=\"nl_NL\" \/>\n<meta property=\"og:type\" content=\"article\" \/>\n<meta property=\"og:title\" content=\"Naples Optical Prints Set by Habermann c.1760\" \/>\n<meta property=\"og:description\" content=\"Set of four Naples Optical Prints by Habermann, c.1760. Handcoloured 18th\u2011century views of Naples with vivid detail and bright colours.\" \/>\n<meta property=\"og:url\" content=\"https:\/\/devriesendevries.nl\/nl\/product\/4-prenten-van-napels\/\" \/>\n<meta property=\"og:site_name\" content=\"devriesendevries.nl\" \/>\n<meta property=\"article:publisher\" content=\"https:\/\/www.facebook.com\/profile.php?id=100088880207660#\" \/>\n<meta property=\"article:modified_time\" content=\"2026-01-29T18:35:58+00:00\" \/>\n<meta property=\"og:image\" content=\"https:\/\/devriesendevries.nl\/wp-content\/uploads\/2026\/01\/4-prints-of-Naples-Napoli-antiquariaat-devries-and-devries.jpg\" \/>\n\t<meta property=\"og:image:width\" content=\"1766\" \/>\n\t<meta property=\"og:image:height\" content=\"1347\" \/>\n\t<meta property=\"og:image:type\" content=\"image\/jpeg\" \/>\n<meta name=\"twitter:card\" content=\"summary_large_image\" \/>\n<meta name=\"twitter:label1\" content=\"Geschatte leestijd\" \/>\n\t<meta name=\"twitter:data1\" content=\"1 minuut\" \/>\n<script type=\"application\/ld+json\" class=\"yoast-schema-graph\">{\"@context\":\"https:\\\/\\\/schema.org\",\"@graph\":[{\"@type\":\"WebPage\",\"@id\":\"https:\\\/\\\/devriesendevries.nl\\\/product\\\/4-prints-of-naples-napoli\\\/\",\"url\":\"https:\\\/\\\/devriesendevries.nl\\\/product\\\/4-prints-of-naples-napoli\\\/\",\"name\":\"Naples Optical Prints Set by Habermann c.1760\",\"isPartOf\":{\"@id\":\"https:\\\/\\\/devriesendevries.nl\\\/#website\"},\"primaryImageOfPage\":{\"@id\":\"https:\\\/\\\/devriesendevries.nl\\\/product\\\/4-prints-of-naples-napoli\\\/#primaryimage\"},\"image\":{\"@id\":\"https:\\\/\\\/devriesendevries.nl\\\/product\\\/4-prints-of-naples-napoli\\\/#primaryimage\"},\"thumbnailUrl\":\"https:\\\/\\\/devriesendevries.nl\\\/wp-content\\\/uploads\\\/2026\\\/01\\\/4-prints-of-Naples-Napoli-antiquariaat-devries-and-devries.jpg\",\"datePublished\":\"2026-01-23T13:08:54+00:00\",\"dateModified\":\"2026-01-29T18:35:58+00:00\",\"description\":\"Set of four Naples Optical Prints by Habermann, c.1760. Handcoloured 18th\u2011century views of Naples with vivid detail and bright colours.\",\"breadcrumb\":{\"@id\":\"https:\\\/\\\/devriesendevries.nl\\\/product\\\/4-prints-of-naples-napoli\\\/#breadcrumb\"},\"inLanguage\":\"nl-NL\",\"potentialAction\":[{\"@type\":\"ReadAction\",\"target\":[\"https:\\\/\\\/devriesendevries.nl\\\/product\\\/4-prints-of-naples-napoli\\\/\"]}]},{\"@type\":\"ImageObject\",\"inLanguage\":\"nl-NL\",\"@id\":\"https:\\\/\\\/devriesendevries.nl\\\/product\\\/4-prints-of-naples-napoli\\\/#primaryimage\",\"url\":\"https:\\\/\\\/devriesendevries.nl\\\/wp-content\\\/uploads\\\/2026\\\/01\\\/4-prints-of-Naples-Napoli-antiquariaat-devries-and-devries.jpg\",\"contentUrl\":\"https:\\\/\\\/devriesendevries.nl\\\/wp-content\\\/uploads\\\/2026\\\/01\\\/4-prints-of-Naples-Napoli-antiquariaat-devries-and-devries.jpg\",\"width\":1766,\"height\":1347,\"caption\":\"4 prints of Naples (Napoli) antiquariaat devries and devries\"},{\"@type\":\"BreadcrumbList\",\"@id\":\"https:\\\/\\\/devriesendevries.nl\\\/product\\\/4-prints-of-naples-napoli\\\/#breadcrumb\",\"itemListElement\":[{\"@type\":\"ListItem\",\"position\":1,\"name\":\"Home\",\"item\":\"https:\\\/\\\/devriesendevries.nl\\\/\"},{\"@type\":\"ListItem\",\"position\":2,\"name\":\"Shop\",\"item\":\"https:\\\/\\\/devriesendevries.nl\\\/shop\\\/\"},{\"@type\":\"ListItem\",\"position\":3,\"name\":\"4 prints of Naples (Napoli)\"}]},{\"@type\":\"WebSite\",\"@id\":\"https:\\\/\\\/devriesendevries.nl\\\/#website\",\"url\":\"https:\\\/\\\/devriesendevries.nl\\\/\",\"name\":\"devriesendevries.nl\",\"description\":\"Antique Maps and Prints\",\"publisher\":{\"@id\":\"https:\\\/\\\/devriesendevries.nl\\\/#organization\"},\"potentialAction\":[{\"@type\":\"SearchAction\",\"target\":{\"@type\":\"EntryPoint\",\"urlTemplate\":\"https:\\\/\\\/devriesendevries.nl\\\/?s={search_term_string}\"},\"query-input\":{\"@type\":\"PropertyValueSpecification\",\"valueRequired\":true,\"valueName\":\"search_term_string\"}}],\"inLanguage\":\"nl-NL\"},{\"@type\":\"Organization\",\"@id\":\"https:\\\/\\\/devriesendevries.nl\\\/#organization\",\"name\":\"devriesendevries.nl\",\"url\":\"https:\\\/\\\/devriesendevries.nl\\\/\",\"logo\":{\"@type\":\"ImageObject\",\"inLanguage\":\"nl-NL\",\"@id\":\"https:\\\/\\\/devriesendevries.nl\\\/#\\\/schema\\\/logo\\\/image\\\/\",\"url\":\"https:\\\/\\\/devriesendevries.nl\\\/wp-content\\\/uploads\\\/2025\\\/11\\\/cropped-Antiques-DeVries-Favicon.png\",\"contentUrl\":\"https:\\\/\\\/devriesendevries.nl\\\/wp-content\\\/uploads\\\/2025\\\/11\\\/cropped-Antiques-DeVries-Favicon.png\",\"width\":512,\"height\":512,\"caption\":\"devriesendevries.nl\"},\"image\":{\"@id\":\"https:\\\/\\\/devriesendevries.nl\\\/#\\\/schema\\\/logo\\\/image\\\/\"},\"sameAs\":[\"https:\\\/\\\/www.facebook.com\\\/profile.php?id=100088880207660#\",\"https:\\\/\\\/www.instagram.com\\\/pietersprints\\\/\"]}]}<\/script>\n<!-- \/ Yoast SEO plugin. -->","yoast_head_json":{"title":"Napels Optische Prints Set door Habermann ca. 1760","description":"Set van vier optische prenten van Napels door Habermann, ca. 1760. Met de hand ingekleurde 18e-eeuwse afbeeldingen van Napels met levendige details en heldere kleuren.","robots":{"index":"index","follow":"follow","max-snippet":"max-snippet:-1","max-image-preview":"max-image-preview:large","max-video-preview":"max-video-preview:-1"},"canonical":"https:\/\/devriesendevries.nl\/nl\/product\/4-prenten-van-napels\/","og_locale":"nl_NL","og_type":"article","og_title":"Naples Optical Prints Set by Habermann c.1760","og_description":"Set of four Naples Optical Prints by Habermann, c.1760. Handcoloured 18th\u2011century views of Naples with vivid detail and bright colours.","og_url":"https:\/\/devriesendevries.nl\/nl\/product\/4-prenten-van-napels\/","og_site_name":"devriesendevries.nl","article_publisher":"https:\/\/www.facebook.com\/profile.php?id=100088880207660#","article_modified_time":"2026-01-29T18:35:58+00:00","og_image":[{"width":1766,"height":1347,"url":"https:\/\/devriesendevries.nl\/wp-content\/uploads\/2026\/01\/4-prints-of-Naples-Napoli-antiquariaat-devries-and-devries.jpg","type":"image\/jpeg"}],"twitter_card":"summary_large_image","twitter_misc":{"Geschatte leestijd":"1 minuut"},"schema":{"@context":"https:\/\/schema.org","@graph":[{"@type":"WebPage","@id":"https:\/\/devriesendevries.nl\/product\/4-prints-of-naples-napoli\/","url":"https:\/\/devriesendevries.nl\/product\/4-prints-of-naples-napoli\/","name":"Napels Optische Prints Set door Habermann ca. 1760","isPartOf":{"@id":"https:\/\/devriesendevries.nl\/#website"},"primaryImageOfPage":{"@id":"https:\/\/devriesendevries.nl\/product\/4-prints-of-naples-napoli\/#primaryimage"},"image":{"@id":"https:\/\/devriesendevries.nl\/product\/4-prints-of-naples-napoli\/#primaryimage"},"thumbnailUrl":"https:\/\/devriesendevries.nl\/wp-content\/uploads\/2026\/01\/4-prints-of-Naples-Napoli-antiquariaat-devries-and-devries.jpg","datePublished":"2026-01-23T13:08:54+00:00","dateModified":"2026-01-29T18:35:58+00:00","description":"Set van vier optische prenten van Napels door Habermann, ca. 1760. Met de hand ingekleurde 18e-eeuwse afbeeldingen van Napels met levendige details en heldere kleuren.","breadcrumb":{"@id":"https:\/\/devriesendevries.nl\/product\/4-prints-of-naples-napoli\/#breadcrumb"},"inLanguage":"nl-NL","potentialAction":[{"@type":"ReadAction","target":["https:\/\/devriesendevries.nl\/product\/4-prints-of-naples-napoli\/"]}]},{"@type":"ImageObject","inLanguage":"nl-NL","@id":"https:\/\/devriesendevries.nl\/product\/4-prints-of-naples-napoli\/#primaryimage","url":"https:\/\/devriesendevries.nl\/wp-content\/uploads\/2026\/01\/4-prints-of-Naples-Napoli-antiquariaat-devries-and-devries.jpg","contentUrl":"https:\/\/devriesendevries.nl\/wp-content\/uploads\/2026\/01\/4-prints-of-Naples-Napoli-antiquariaat-devries-and-devries.jpg","width":1766,"height":1347,"caption":"4 prints of Naples (Napoli) antiquariaat devries and devries"},{"@type":"BreadcrumbList","@id":"https:\/\/devriesendevries.nl\/product\/4-prints-of-naples-napoli\/#breadcrumb","itemListElement":[{"@type":"ListItem","position":1,"name":"Home","item":"https:\/\/devriesendevries.nl\/"},{"@type":"ListItem","position":2,"name":"Shop","item":"https:\/\/devriesendevries.nl\/shop\/"},{"@type":"ListItem","position":3,"name":"4 prints of Naples (Napoli)"}]},{"@type":"WebSite","@id":"https:\/\/devriesendevries.nl\/#website","url":"https:\/\/devriesendevries.nl\/","name":"devriesendevries.nl","description":"Antique Maps and Prints","publisher":{"@id":"https:\/\/devriesendevries.nl\/#organization"},"potentialAction":[{"@type":"SearchAction","target":{"@type":"EntryPoint","urlTemplate":"https:\/\/devriesendevries.nl\/?s={search_term_string}"},"query-input":{"@type":"PropertyValueSpecification","valueRequired":true,"valueName":"search_term_string"}}],"inLanguage":"nl-NL"},{"@type":"Organization","@id":"https:\/\/devriesendevries.nl\/#organization","name":"devriesendevries.nl","url":"https:\/\/devriesendevries.nl\/","logo":{"@type":"ImageObject","inLanguage":"nl-NL","@id":"https:\/\/devriesendevries.nl\/#\/schema\/logo\/image\/","url":"https:\/\/devriesendevries.nl\/wp-content\/uploads\/2025\/11\/cropped-Antiques-DeVries-Favicon.png","contentUrl":"https:\/\/devriesendevries.nl\/wp-content\/uploads\/2025\/11\/cropped-Antiques-DeVries-Favicon.png","width":512,"height":512,"caption":"devriesendevries.nl"},"image":{"@id":"https:\/\/devriesendevries.nl\/#\/schema\/logo\/image\/"},"sameAs":["https:\/\/www.facebook.com\/profile.php?id=100088880207660#","https:\/\/www.instagram.com\/pietersprints\/"]}]}},"_links":{"self":[{"href":"https:\/\/devriesendevries.nl\/nl\/wp-json\/wp\/v2\/product\/1941","targetHints":{"allow":["GET"]}}],"collection":[{"href":"https:\/\/devriesendevries.nl\/nl\/wp-json\/wp\/v2\/product"}],"about":[{"href":"https:\/\/devriesendevries.nl\/nl\/wp-json\/wp\/v2\/types\/product"}],"replies":[{"embeddable":true,"href":"https:\/\/devriesendevries.nl\/nl\/wp-json\/wp\/v2\/comments?post=1941"}],"version-history":[{"count":2,"href":"https:\/\/devriesendevries.nl\/nl\/wp-json\/wp\/v2\/product\/1941\/revisions"}],"predecessor-version":[{"id":2375,"href":"https:\/\/devriesendevries.nl\/nl\/wp-json\/wp\/v2\/product\/1941\/revisions\/2375"}],"wp:featuredmedia":[{"embeddable":true,"href":"https:\/\/devriesendevries.nl\/nl\/wp-json\/wp\/v2\/media\/2686"}],"wp:attachment":[{"href":"https:\/\/devriesendevries.nl\/nl\/wp-json\/wp\/v2\/media?parent=1941"}],"wp:term":[{"taxonomy":"product_brand","embeddable":true,"href":"https:\/\/devriesendevries.nl\/nl\/wp-json\/wp\/v2\/product_brand?post=1941"},{"taxonomy":"product_cat","embeddable":true,"href":"https:\/\/devriesendevries.nl\/nl\/wp-json\/wp\/v2\/product_cat?post=1941"},{"taxonomy":"product_tag","embeddable":true,"href":"https:\/\/devriesendevries.nl\/nl\/wp-json\/wp\/v2\/product_tag?post=1941"}],"curies":[{"name":"wp","href":"https:\/\/api.w.org\/{rel}","templated":true}]}}