{"id":1899,"date":"2026-01-23T13:08:51","date_gmt":"2026-01-23T13:08:51","guid":{"rendered":"https:\/\/devriesendevries.nl\/product\/den-haag-staten-generaal\/"},"modified":"2026-01-27T15:03:56","modified_gmt":"2026-01-27T15:03:56","slug":"den-haag-staten-generaal","status":"publish","type":"product","link":"https:\/\/devriesendevries.nl\/nl\/product\/den-haag-staten-generaal\/","title":{"rendered":"Den Haag : Staten Generaal"},"content":{"rendered":"<p data-start=\"262\" data-end=\"519\">Deze antieke afbeelding van Den Haag heeft als titel <em data-start=\"303\" data-end=\"365\">\u201cLa Haije. De Staten-Generaal || Palais des \u00c9tats G\u00e9n\u00e9raux.\u201d<\/em> De prent toont het parlement in het Binnenhof in Den Haag. Het toont het politieke hart van Nederland in een rustige en elegante omgeving.<\/p>\n<p data-start=\"521\" data-end=\"795\">P. Lauters tekende deze met de hand ingekleurde lithografie rond 1835. Desguerrois en Co. drukte en publiceerde het. De compositie is helder en evenwichtig. De zachte kleuren geven diepte en sfeer aan het architecturale tafereel. Daardoor geeft het uitzicht zowel details als karakter weer.<\/p>\n<p data-start=\"797\" data-end=\"1017\">De afbeelding meet 16 \u00d7 22,5 cm en is in zeer goede staat. Verzamelaars waarderen dit antieke beeld van Den Haag om zijn onderwerp, kwaliteit en fijne lithografie. Het is een aantrekkelijk voorbeeld van stadsgezichten uit het begin van de 19e eeuw.<\/p>\n<p data-start=\"1019\" data-end=\"1053\">BTW: Margegoederen, geen BTW in rekening gebracht.<\/p>","protected":false},"excerpt":{"rendered":"<p>This antique view of The Hague is titled \u201cLa Haije. De Staten-Generaal || Palais des \u00c9tats G\u00e9n\u00e9raux.\u201d The print shows the Houses of Parliament at the Binnenhof in The Hague. It presents the political heart of the Netherlands in a calm and elegant setting. P. Lauters drew this hand-coloured lithograph around 1835. Desguerrois en Co. [&hellip;]<\/p>\n","protected":false},"featured_media":2743,"comment_status":"open","ping_status":"closed","template":"","meta":{"_acf_changed":false},"product_brand":[],"product_cat":[20,25,98],"product_tag":[],"class_list":{"0":"post-1899","1":"product","2":"type-product","3":"status-publish","4":"has-post-thumbnail","6":"product_cat-city-views","7":"product_cat-dutch-city-views","8":"product_cat-zuid-holland-city-views","9":"pa_artist-p-lauters","10":"pa_condition-very-good-condition","11":"pa_era-19-century","12":"pa_orientation-landscape-orientation","14":"first","15":"instock","16":"taxable","17":"shipping-taxable","18":"purchasable","19":"product-type-simple"},"acf":[],"yoast_head":"<!-- This site is optimized with the Yoast SEO plugin v27.3 - https:\/\/yoast.com\/product\/yoast-seo-wordpress\/ -->\n<title>Antique View of The Hague \u2013 Binnenhof &amp; States General (c.1835)<\/title>\n<meta name=\"description\" content=\"Antique view of The Hague showing the Binnenhof and States General. Hand-coloured lithograph by P. Lauters, ca. 1835, in very good condition.\" \/>\n<meta name=\"robots\" content=\"index, follow, max-snippet:-1, max-image-preview:large, max-video-preview:-1\" \/>\n<link rel=\"canonical\" href=\"https:\/\/devriesendevries.nl\/nl\/product\/den-haag-staten-generaal\/\" \/>\n<meta property=\"og:locale\" content=\"nl_NL\" \/>\n<meta property=\"og:type\" content=\"article\" \/>\n<meta property=\"og:title\" content=\"Antique View of The Hague \u2013 Binnenhof &amp; States General (c.1835)\" \/>\n<meta property=\"og:description\" content=\"Antique view of The Hague showing the Binnenhof and States General. Hand-coloured lithograph by P. Lauters, ca. 1835, in very good condition.\" \/>\n<meta property=\"og:url\" content=\"https:\/\/devriesendevries.nl\/nl\/product\/den-haag-staten-generaal\/\" \/>\n<meta property=\"og:site_name\" content=\"devriesendevries.nl\" \/>\n<meta property=\"article:publisher\" content=\"https:\/\/www.facebook.com\/profile.php?id=100088880207660#\" \/>\n<meta property=\"article:modified_time\" content=\"2026-01-27T15:03:56+00:00\" \/>\n<meta property=\"og:image\" content=\"https:\/\/devriesendevries.nl\/wp-content\/uploads\/2026\/01\/Den-Haag-Staten-Generaal-antiquariaat-devries-and-devries.jpg\" \/>\n\t<meta property=\"og:image:width\" content=\"2048\" \/>\n\t<meta property=\"og:image:height\" content=\"1576\" \/>\n\t<meta property=\"og:image:type\" content=\"image\/jpeg\" \/>\n<meta name=\"twitter:card\" content=\"summary_large_image\" \/>\n<meta name=\"twitter:label1\" content=\"Geschatte leestijd\" \/>\n\t<meta name=\"twitter:data1\" content=\"1 minuut\" \/>\n<script type=\"application\/ld+json\" class=\"yoast-schema-graph\">{\"@context\":\"https:\\\/\\\/schema.org\",\"@graph\":[{\"@type\":\"WebPage\",\"@id\":\"https:\\\/\\\/devriesendevries.nl\\\/product\\\/den-haag-staten-generaal\\\/\",\"url\":\"https:\\\/\\\/devriesendevries.nl\\\/product\\\/den-haag-staten-generaal\\\/\",\"name\":\"Antique View of The Hague \u2013 Binnenhof & States General (c.1835)\",\"isPartOf\":{\"@id\":\"https:\\\/\\\/devriesendevries.nl\\\/#website\"},\"primaryImageOfPage\":{\"@id\":\"https:\\\/\\\/devriesendevries.nl\\\/product\\\/den-haag-staten-generaal\\\/#primaryimage\"},\"image\":{\"@id\":\"https:\\\/\\\/devriesendevries.nl\\\/product\\\/den-haag-staten-generaal\\\/#primaryimage\"},\"thumbnailUrl\":\"https:\\\/\\\/devriesendevries.nl\\\/wp-content\\\/uploads\\\/2026\\\/01\\\/Den-Haag-Staten-Generaal-antiquariaat-devries-and-devries.jpg\",\"datePublished\":\"2026-01-23T13:08:51+00:00\",\"dateModified\":\"2026-01-27T15:03:56+00:00\",\"description\":\"Antique view of The Hague showing the Binnenhof and States General. Hand-coloured lithograph by P. Lauters, ca. 1835, in very good condition.\",\"breadcrumb\":{\"@id\":\"https:\\\/\\\/devriesendevries.nl\\\/product\\\/den-haag-staten-generaal\\\/#breadcrumb\"},\"inLanguage\":\"nl-NL\",\"potentialAction\":[{\"@type\":\"ReadAction\",\"target\":[\"https:\\\/\\\/devriesendevries.nl\\\/product\\\/den-haag-staten-generaal\\\/\"]}]},{\"@type\":\"ImageObject\",\"inLanguage\":\"nl-NL\",\"@id\":\"https:\\\/\\\/devriesendevries.nl\\\/product\\\/den-haag-staten-generaal\\\/#primaryimage\",\"url\":\"https:\\\/\\\/devriesendevries.nl\\\/wp-content\\\/uploads\\\/2026\\\/01\\\/Den-Haag-Staten-Generaal-antiquariaat-devries-and-devries.jpg\",\"contentUrl\":\"https:\\\/\\\/devriesendevries.nl\\\/wp-content\\\/uploads\\\/2026\\\/01\\\/Den-Haag-Staten-Generaal-antiquariaat-devries-and-devries.jpg\",\"width\":2048,\"height\":1576,\"caption\":\"Den Haag Staten Generaal antiquariaat devries and devries\"},{\"@type\":\"BreadcrumbList\",\"@id\":\"https:\\\/\\\/devriesendevries.nl\\\/product\\\/den-haag-staten-generaal\\\/#breadcrumb\",\"itemListElement\":[{\"@type\":\"ListItem\",\"position\":1,\"name\":\"Home\",\"item\":\"https:\\\/\\\/devriesendevries.nl\\\/\"},{\"@type\":\"ListItem\",\"position\":2,\"name\":\"Shop\",\"item\":\"https:\\\/\\\/devriesendevries.nl\\\/shop\\\/\"},{\"@type\":\"ListItem\",\"position\":3,\"name\":\"Den Haag : Staten Generaal\"}]},{\"@type\":\"WebSite\",\"@id\":\"https:\\\/\\\/devriesendevries.nl\\\/#website\",\"url\":\"https:\\\/\\\/devriesendevries.nl\\\/\",\"name\":\"devriesendevries.nl\",\"description\":\"Antique Maps and Prints\",\"publisher\":{\"@id\":\"https:\\\/\\\/devriesendevries.nl\\\/#organization\"},\"potentialAction\":[{\"@type\":\"SearchAction\",\"target\":{\"@type\":\"EntryPoint\",\"urlTemplate\":\"https:\\\/\\\/devriesendevries.nl\\\/?s={search_term_string}\"},\"query-input\":{\"@type\":\"PropertyValueSpecification\",\"valueRequired\":true,\"valueName\":\"search_term_string\"}}],\"inLanguage\":\"nl-NL\"},{\"@type\":\"Organization\",\"@id\":\"https:\\\/\\\/devriesendevries.nl\\\/#organization\",\"name\":\"devriesendevries.nl\",\"url\":\"https:\\\/\\\/devriesendevries.nl\\\/\",\"logo\":{\"@type\":\"ImageObject\",\"inLanguage\":\"nl-NL\",\"@id\":\"https:\\\/\\\/devriesendevries.nl\\\/#\\\/schema\\\/logo\\\/image\\\/\",\"url\":\"https:\\\/\\\/devriesendevries.nl\\\/wp-content\\\/uploads\\\/2025\\\/11\\\/cropped-Antiques-DeVries-Favicon.png\",\"contentUrl\":\"https:\\\/\\\/devriesendevries.nl\\\/wp-content\\\/uploads\\\/2025\\\/11\\\/cropped-Antiques-DeVries-Favicon.png\",\"width\":512,\"height\":512,\"caption\":\"devriesendevries.nl\"},\"image\":{\"@id\":\"https:\\\/\\\/devriesendevries.nl\\\/#\\\/schema\\\/logo\\\/image\\\/\"},\"sameAs\":[\"https:\\\/\\\/www.facebook.com\\\/profile.php?id=100088880207660#\",\"https:\\\/\\\/www.instagram.com\\\/pietersprints\\\/\"]}]}<\/script>\n<!-- \/ Yoast SEO plugin. -->","yoast_head_json":{"title":"Antiek uitzicht op Den Haag \u2013 Binnenhof &amp; Staten-Generaal (ca. 1835)","description":"Antieke afbeelding van Den Haag met het Binnenhof en de Staten-Generaal. Handgekleurde lithografie door P. Lauters, ca. 1835, in zeer goede staat.","robots":{"index":"index","follow":"follow","max-snippet":"max-snippet:-1","max-image-preview":"max-image-preview:large","max-video-preview":"max-video-preview:-1"},"canonical":"https:\/\/devriesendevries.nl\/nl\/product\/den-haag-staten-generaal\/","og_locale":"nl_NL","og_type":"article","og_title":"Antique View of The Hague \u2013 Binnenhof & States General (c.1835)","og_description":"Antique view of The Hague showing the Binnenhof and States General. Hand-coloured lithograph by P. Lauters, ca. 1835, in very good condition.","og_url":"https:\/\/devriesendevries.nl\/nl\/product\/den-haag-staten-generaal\/","og_site_name":"devriesendevries.nl","article_publisher":"https:\/\/www.facebook.com\/profile.php?id=100088880207660#","article_modified_time":"2026-01-27T15:03:56+00:00","og_image":[{"width":2048,"height":1576,"url":"https:\/\/devriesendevries.nl\/wp-content\/uploads\/2026\/01\/Den-Haag-Staten-Generaal-antiquariaat-devries-and-devries.jpg","type":"image\/jpeg"}],"twitter_card":"summary_large_image","twitter_misc":{"Geschatte leestijd":"1 minuut"},"schema":{"@context":"https:\/\/schema.org","@graph":[{"@type":"WebPage","@id":"https:\/\/devriesendevries.nl\/product\/den-haag-staten-generaal\/","url":"https:\/\/devriesendevries.nl\/product\/den-haag-staten-generaal\/","name":"Antiek uitzicht op Den Haag \u2013 Binnenhof &amp; Staten-Generaal (ca. 1835)","isPartOf":{"@id":"https:\/\/devriesendevries.nl\/#website"},"primaryImageOfPage":{"@id":"https:\/\/devriesendevries.nl\/product\/den-haag-staten-generaal\/#primaryimage"},"image":{"@id":"https:\/\/devriesendevries.nl\/product\/den-haag-staten-generaal\/#primaryimage"},"thumbnailUrl":"https:\/\/devriesendevries.nl\/wp-content\/uploads\/2026\/01\/Den-Haag-Staten-Generaal-antiquariaat-devries-and-devries.jpg","datePublished":"2026-01-23T13:08:51+00:00","dateModified":"2026-01-27T15:03:56+00:00","description":"Antieke afbeelding van Den Haag met het Binnenhof en de Staten-Generaal. Handgekleurde lithografie door P. Lauters, ca. 1835, in zeer goede staat.","breadcrumb":{"@id":"https:\/\/devriesendevries.nl\/product\/den-haag-staten-generaal\/#breadcrumb"},"inLanguage":"nl-NL","potentialAction":[{"@type":"ReadAction","target":["https:\/\/devriesendevries.nl\/product\/den-haag-staten-generaal\/"]}]},{"@type":"ImageObject","inLanguage":"nl-NL","@id":"https:\/\/devriesendevries.nl\/product\/den-haag-staten-generaal\/#primaryimage","url":"https:\/\/devriesendevries.nl\/wp-content\/uploads\/2026\/01\/Den-Haag-Staten-Generaal-antiquariaat-devries-and-devries.jpg","contentUrl":"https:\/\/devriesendevries.nl\/wp-content\/uploads\/2026\/01\/Den-Haag-Staten-Generaal-antiquariaat-devries-and-devries.jpg","width":2048,"height":1576,"caption":"Den Haag Staten Generaal antiquariaat devries and devries"},{"@type":"BreadcrumbList","@id":"https:\/\/devriesendevries.nl\/product\/den-haag-staten-generaal\/#breadcrumb","itemListElement":[{"@type":"ListItem","position":1,"name":"Home","item":"https:\/\/devriesendevries.nl\/"},{"@type":"ListItem","position":2,"name":"Shop","item":"https:\/\/devriesendevries.nl\/shop\/"},{"@type":"ListItem","position":3,"name":"Den Haag : Staten Generaal"}]},{"@type":"WebSite","@id":"https:\/\/devriesendevries.nl\/#website","url":"https:\/\/devriesendevries.nl\/","name":"devriesendevries.nl","description":"Antique Maps and Prints","publisher":{"@id":"https:\/\/devriesendevries.nl\/#organization"},"potentialAction":[{"@type":"SearchAction","target":{"@type":"EntryPoint","urlTemplate":"https:\/\/devriesendevries.nl\/?s={search_term_string}"},"query-input":{"@type":"PropertyValueSpecification","valueRequired":true,"valueName":"search_term_string"}}],"inLanguage":"nl-NL"},{"@type":"Organization","@id":"https:\/\/devriesendevries.nl\/#organization","name":"devriesendevries.nl","url":"https:\/\/devriesendevries.nl\/","logo":{"@type":"ImageObject","inLanguage":"nl-NL","@id":"https:\/\/devriesendevries.nl\/#\/schema\/logo\/image\/","url":"https:\/\/devriesendevries.nl\/wp-content\/uploads\/2025\/11\/cropped-Antiques-DeVries-Favicon.png","contentUrl":"https:\/\/devriesendevries.nl\/wp-content\/uploads\/2025\/11\/cropped-Antiques-DeVries-Favicon.png","width":512,"height":512,"caption":"devriesendevries.nl"},"image":{"@id":"https:\/\/devriesendevries.nl\/#\/schema\/logo\/image\/"},"sameAs":["https:\/\/www.facebook.com\/profile.php?id=100088880207660#","https:\/\/www.instagram.com\/pietersprints\/"]}]}},"_links":{"self":[{"href":"https:\/\/devriesendevries.nl\/nl\/wp-json\/wp\/v2\/product\/1899","targetHints":{"allow":["GET"]}}],"collection":[{"href":"https:\/\/devriesendevries.nl\/nl\/wp-json\/wp\/v2\/product"}],"about":[{"href":"https:\/\/devriesendevries.nl\/nl\/wp-json\/wp\/v2\/types\/product"}],"replies":[{"embeddable":true,"href":"https:\/\/devriesendevries.nl\/nl\/wp-json\/wp\/v2\/comments?post=1899"}],"version-history":[{"count":2,"href":"https:\/\/devriesendevries.nl\/nl\/wp-json\/wp\/v2\/product\/1899\/revisions"}],"predecessor-version":[{"id":2744,"href":"https:\/\/devriesendevries.nl\/nl\/wp-json\/wp\/v2\/product\/1899\/revisions\/2744"}],"wp:featuredmedia":[{"embeddable":true,"href":"https:\/\/devriesendevries.nl\/nl\/wp-json\/wp\/v2\/media\/2743"}],"wp:attachment":[{"href":"https:\/\/devriesendevries.nl\/nl\/wp-json\/wp\/v2\/media?parent=1899"}],"wp:term":[{"taxonomy":"product_brand","embeddable":true,"href":"https:\/\/devriesendevries.nl\/nl\/wp-json\/wp\/v2\/product_brand?post=1899"},{"taxonomy":"product_cat","embeddable":true,"href":"https:\/\/devriesendevries.nl\/nl\/wp-json\/wp\/v2\/product_cat?post=1899"},{"taxonomy":"product_tag","embeddable":true,"href":"https:\/\/devriesendevries.nl\/nl\/wp-json\/wp\/v2\/product_tag?post=1899"}],"curies":[{"name":"wp","href":"https:\/\/api.w.org\/{rel}","templated":true}]}}