{"id":1742,"date":"2025-12-04T17:35:11","date_gmt":"2025-12-04T17:35:11","guid":{"rendered":"https:\/\/devriesendevries.nl\/?post_type=product&#038;p=1742"},"modified":"2025-12-05T12:47:44","modified_gmt":"2025-12-05T12:47:44","slug":"suriname-guiana-curacao","status":"publish","type":"product","link":"https:\/\/devriesendevries.nl\/nl\/product\/suriname-guiana-curacao\/","title":{"rendered":"Suriname Guiana Curacao"},"content":{"rendered":"<p>Deze vintage kaart van Nederlands-West-Indi\u00eb omvat Nederlands-Guyana, de Cura\u00e7aose Eilanden en de Nederlandse Antillen. J. Kuijper ontwierp en tekende de grote lithografie. Hugo Suringar publiceerde deze in 1865. De hoofdkaart bevat zes inzetkaarten: Suriname, het plan van Paramaribo, Sint Maarten, Saba en Eustatius, de Cura\u00e7aose Eilanden en de bezittingen aan de kust van Guinee. De kaart meet 40 bij 51 cm. De vouwen zijn zichtbaar zoals bij uitgifte. De randen vertonen lichte gebruikssporen. De staat is zeer goed. Kuijper bracht in de jaren 1860 de Nederlandse koloni\u00ebn zeer gedetailleerd in kaart. Verzamelaars waarderen dit zeldzame stuk vanwege de koloniale geschiedenis. Word eigenaar van deze vintage kaart van Nederlands West-Indi\u00eb. De kaart toont het 19e-eeuwse Nederlandse erfgoed in het Caribisch gebied en Suriname.<\/p>\n<p>Ontdek deze antieke kaart van Holland en onze volledige collectie in onze winkel in het historische centrum van Haarlem.<\/p>","protected":false},"excerpt":{"rendered":"<p>This vintage Dutch West Indies map covers Nederlandsch Guiana, Curacaosche Eilanden, and Nederlandsche Antillen. J. Kuijper designed and drew the large lithograph. Hugo Suringar published it in 1865. The main map includes six insets: Suriname, Paramaribo plan, St. Martin, Saba and Eustachius, Curacaosche Eilanden, and Guinea coast possessions. It measures 40 by 51 cm. Folds [&hellip;]<\/p>\n","protected":false},"featured_media":1743,"comment_status":"open","ping_status":"closed","template":"","meta":{"_acf_changed":false},"product_brand":[],"product_cat":[19,24,95],"product_tag":[],"class_list":{"0":"post-1742","1":"product","2":"type-product","3":"status-publish","4":"has-post-thumbnail","6":"product_cat-maps-and-plans","7":"product_cat-rest-of-the-world-maps-and-plans","8":"product_cat-south-america-maps-and-plans","9":"pa_artist-jacob-kuijper","10":"pa_condition-very-good-condition","11":"pa_era-19-century","12":"pa_orientation-landscape-orientation","14":"first","15":"instock","16":"taxable","17":"shipping-taxable","18":"purchasable","19":"product-type-simple"},"acf":[],"yoast_head":"<!-- This site is optimized with the Yoast SEO plugin v27.3 - https:\/\/yoast.com\/product\/yoast-seo-wordpress\/ -->\n<title>Dutch West Indies Map | by J. Kuijper 18<\/title>\n<meta name=\"description\" content=\"Discover a vintage Dutch West Indies map showing Suriname, Guiana, Curacao, and Antilles by J. Kuijper, published by Hugo Suringar in 1865.\" \/>\n<meta name=\"robots\" content=\"index, follow, max-snippet:-1, max-image-preview:large, max-video-preview:-1\" \/>\n<link rel=\"canonical\" href=\"https:\/\/devriesendevries.nl\/nl\/product\/suriname-guiana-curacao\/\" \/>\n<meta property=\"og:locale\" content=\"nl_NL\" \/>\n<meta property=\"og:type\" content=\"article\" \/>\n<meta property=\"og:title\" content=\"Dutch West Indies Map | by J. Kuijper 18\" \/>\n<meta property=\"og:description\" content=\"Discover a vintage Dutch West Indies map showing Suriname, Guiana, Curacao, and Antilles by J. Kuijper, published by Hugo Suringar in 1865.\" \/>\n<meta property=\"og:url\" content=\"https:\/\/devriesendevries.nl\/nl\/product\/suriname-guiana-curacao\/\" \/>\n<meta property=\"og:site_name\" content=\"devriesendevries.nl\" \/>\n<meta property=\"article:publisher\" content=\"https:\/\/www.facebook.com\/profile.php?id=100088880207660#\" \/>\n<meta property=\"article:modified_time\" content=\"2025-12-05T12:47:44+00:00\" \/>\n<meta property=\"og:image\" content=\"https:\/\/devriesendevries.nl\/wp-content\/uploads\/2025\/12\/Suriname-Guiana-Curacao.jpg\" \/>\n\t<meta property=\"og:image:width\" content=\"2000\" \/>\n\t<meta property=\"og:image:height\" content=\"1521\" \/>\n\t<meta property=\"og:image:type\" content=\"image\/jpeg\" \/>\n<meta name=\"twitter:card\" content=\"summary_large_image\" \/>\n<meta name=\"twitter:label1\" content=\"Geschatte leestijd\" \/>\n\t<meta name=\"twitter:data1\" content=\"1 minuut\" \/>\n<script type=\"application\/ld+json\" class=\"yoast-schema-graph\">{\"@context\":\"https:\\\/\\\/schema.org\",\"@graph\":[{\"@type\":\"WebPage\",\"@id\":\"https:\\\/\\\/devriesendevries.nl\\\/product\\\/suriname-guiana-curacao\\\/\",\"url\":\"https:\\\/\\\/devriesendevries.nl\\\/product\\\/suriname-guiana-curacao\\\/\",\"name\":\"Dutch West Indies Map | by J. Kuijper 18\",\"isPartOf\":{\"@id\":\"https:\\\/\\\/devriesendevries.nl\\\/#website\"},\"primaryImageOfPage\":{\"@id\":\"https:\\\/\\\/devriesendevries.nl\\\/product\\\/suriname-guiana-curacao\\\/#primaryimage\"},\"image\":{\"@id\":\"https:\\\/\\\/devriesendevries.nl\\\/product\\\/suriname-guiana-curacao\\\/#primaryimage\"},\"thumbnailUrl\":\"https:\\\/\\\/devriesendevries.nl\\\/wp-content\\\/uploads\\\/2025\\\/12\\\/Suriname-Guiana-Curacao.jpg\",\"datePublished\":\"2025-12-04T17:35:11+00:00\",\"dateModified\":\"2025-12-05T12:47:44+00:00\",\"description\":\"Discover a vintage Dutch West Indies map showing Suriname, Guiana, Curacao, and Antilles by J. Kuijper, published by Hugo Suringar in 1865.\",\"breadcrumb\":{\"@id\":\"https:\\\/\\\/devriesendevries.nl\\\/product\\\/suriname-guiana-curacao\\\/#breadcrumb\"},\"inLanguage\":\"nl-NL\",\"potentialAction\":[{\"@type\":\"ReadAction\",\"target\":[\"https:\\\/\\\/devriesendevries.nl\\\/product\\\/suriname-guiana-curacao\\\/\"]}]},{\"@type\":\"ImageObject\",\"inLanguage\":\"nl-NL\",\"@id\":\"https:\\\/\\\/devriesendevries.nl\\\/product\\\/suriname-guiana-curacao\\\/#primaryimage\",\"url\":\"https:\\\/\\\/devriesendevries.nl\\\/wp-content\\\/uploads\\\/2025\\\/12\\\/Suriname-Guiana-Curacao.jpg\",\"contentUrl\":\"https:\\\/\\\/devriesendevries.nl\\\/wp-content\\\/uploads\\\/2025\\\/12\\\/Suriname-Guiana-Curacao.jpg\",\"width\":2000,\"height\":1521,\"caption\":\"Suriname Guiana Curacao\"},{\"@type\":\"BreadcrumbList\",\"@id\":\"https:\\\/\\\/devriesendevries.nl\\\/product\\\/suriname-guiana-curacao\\\/#breadcrumb\",\"itemListElement\":[{\"@type\":\"ListItem\",\"position\":1,\"name\":\"Home\",\"item\":\"https:\\\/\\\/devriesendevries.nl\\\/\"},{\"@type\":\"ListItem\",\"position\":2,\"name\":\"Shop\",\"item\":\"https:\\\/\\\/devriesendevries.nl\\\/shop\\\/\"},{\"@type\":\"ListItem\",\"position\":3,\"name\":\"Suriname Guiana Curacao\"}]},{\"@type\":\"WebSite\",\"@id\":\"https:\\\/\\\/devriesendevries.nl\\\/#website\",\"url\":\"https:\\\/\\\/devriesendevries.nl\\\/\",\"name\":\"devriesendevries.nl\",\"description\":\"Antique Maps and Prints\",\"publisher\":{\"@id\":\"https:\\\/\\\/devriesendevries.nl\\\/#organization\"},\"potentialAction\":[{\"@type\":\"SearchAction\",\"target\":{\"@type\":\"EntryPoint\",\"urlTemplate\":\"https:\\\/\\\/devriesendevries.nl\\\/?s={search_term_string}\"},\"query-input\":{\"@type\":\"PropertyValueSpecification\",\"valueRequired\":true,\"valueName\":\"search_term_string\"}}],\"inLanguage\":\"nl-NL\"},{\"@type\":\"Organization\",\"@id\":\"https:\\\/\\\/devriesendevries.nl\\\/#organization\",\"name\":\"devriesendevries.nl\",\"url\":\"https:\\\/\\\/devriesendevries.nl\\\/\",\"logo\":{\"@type\":\"ImageObject\",\"inLanguage\":\"nl-NL\",\"@id\":\"https:\\\/\\\/devriesendevries.nl\\\/#\\\/schema\\\/logo\\\/image\\\/\",\"url\":\"https:\\\/\\\/devriesendevries.nl\\\/wp-content\\\/uploads\\\/2025\\\/11\\\/cropped-Antiques-DeVries-Favicon.png\",\"contentUrl\":\"https:\\\/\\\/devriesendevries.nl\\\/wp-content\\\/uploads\\\/2025\\\/11\\\/cropped-Antiques-DeVries-Favicon.png\",\"width\":512,\"height\":512,\"caption\":\"devriesendevries.nl\"},\"image\":{\"@id\":\"https:\\\/\\\/devriesendevries.nl\\\/#\\\/schema\\\/logo\\\/image\\\/\"},\"sameAs\":[\"https:\\\/\\\/www.facebook.com\\\/profile.php?id=100088880207660#\",\"https:\\\/\\\/www.instagram.com\\\/pietersprints\\\/\"]}]}<\/script>\n<!-- \/ Yoast SEO plugin. -->","yoast_head_json":{"title":"Kaart van Nederlands West-Indi\u00eb | door J. Kuijper 18","description":"Ontdek een vintage kaart van Nederlands West-Indi\u00eb met Suriname, Guyana, Cura\u00e7ao en de Antillen door J. Kuijper, uitgegeven door Hugo Suringar in 1865.","robots":{"index":"index","follow":"follow","max-snippet":"max-snippet:-1","max-image-preview":"max-image-preview:large","max-video-preview":"max-video-preview:-1"},"canonical":"https:\/\/devriesendevries.nl\/nl\/product\/suriname-guiana-curacao\/","og_locale":"nl_NL","og_type":"article","og_title":"Dutch West Indies Map | by J. Kuijper 18","og_description":"Discover a vintage Dutch West Indies map showing Suriname, Guiana, Curacao, and Antilles by J. Kuijper, published by Hugo Suringar in 1865.","og_url":"https:\/\/devriesendevries.nl\/nl\/product\/suriname-guiana-curacao\/","og_site_name":"devriesendevries.nl","article_publisher":"https:\/\/www.facebook.com\/profile.php?id=100088880207660#","article_modified_time":"2025-12-05T12:47:44+00:00","og_image":[{"width":2000,"height":1521,"url":"https:\/\/devriesendevries.nl\/wp-content\/uploads\/2025\/12\/Suriname-Guiana-Curacao.jpg","type":"image\/jpeg"}],"twitter_card":"summary_large_image","twitter_misc":{"Geschatte leestijd":"1 minuut"},"schema":{"@context":"https:\/\/schema.org","@graph":[{"@type":"WebPage","@id":"https:\/\/devriesendevries.nl\/product\/suriname-guiana-curacao\/","url":"https:\/\/devriesendevries.nl\/product\/suriname-guiana-curacao\/","name":"Kaart van Nederlands West-Indi\u00eb | door J. Kuijper 18","isPartOf":{"@id":"https:\/\/devriesendevries.nl\/#website"},"primaryImageOfPage":{"@id":"https:\/\/devriesendevries.nl\/product\/suriname-guiana-curacao\/#primaryimage"},"image":{"@id":"https:\/\/devriesendevries.nl\/product\/suriname-guiana-curacao\/#primaryimage"},"thumbnailUrl":"https:\/\/devriesendevries.nl\/wp-content\/uploads\/2025\/12\/Suriname-Guiana-Curacao.jpg","datePublished":"2025-12-04T17:35:11+00:00","dateModified":"2025-12-05T12:47:44+00:00","description":"Ontdek een vintage kaart van Nederlands West-Indi\u00eb met Suriname, Guyana, Cura\u00e7ao en de Antillen door J. Kuijper, uitgegeven door Hugo Suringar in 1865.","breadcrumb":{"@id":"https:\/\/devriesendevries.nl\/product\/suriname-guiana-curacao\/#breadcrumb"},"inLanguage":"nl-NL","potentialAction":[{"@type":"ReadAction","target":["https:\/\/devriesendevries.nl\/product\/suriname-guiana-curacao\/"]}]},{"@type":"ImageObject","inLanguage":"nl-NL","@id":"https:\/\/devriesendevries.nl\/product\/suriname-guiana-curacao\/#primaryimage","url":"https:\/\/devriesendevries.nl\/wp-content\/uploads\/2025\/12\/Suriname-Guiana-Curacao.jpg","contentUrl":"https:\/\/devriesendevries.nl\/wp-content\/uploads\/2025\/12\/Suriname-Guiana-Curacao.jpg","width":2000,"height":1521,"caption":"Suriname Guiana Curacao"},{"@type":"BreadcrumbList","@id":"https:\/\/devriesendevries.nl\/product\/suriname-guiana-curacao\/#breadcrumb","itemListElement":[{"@type":"ListItem","position":1,"name":"Home","item":"https:\/\/devriesendevries.nl\/"},{"@type":"ListItem","position":2,"name":"Shop","item":"https:\/\/devriesendevries.nl\/shop\/"},{"@type":"ListItem","position":3,"name":"Suriname Guiana Curacao"}]},{"@type":"WebSite","@id":"https:\/\/devriesendevries.nl\/#website","url":"https:\/\/devriesendevries.nl\/","name":"devriesendevries.nl","description":"Antique Maps and Prints","publisher":{"@id":"https:\/\/devriesendevries.nl\/#organization"},"potentialAction":[{"@type":"SearchAction","target":{"@type":"EntryPoint","urlTemplate":"https:\/\/devriesendevries.nl\/?s={search_term_string}"},"query-input":{"@type":"PropertyValueSpecification","valueRequired":true,"valueName":"search_term_string"}}],"inLanguage":"nl-NL"},{"@type":"Organization","@id":"https:\/\/devriesendevries.nl\/#organization","name":"devriesendevries.nl","url":"https:\/\/devriesendevries.nl\/","logo":{"@type":"ImageObject","inLanguage":"nl-NL","@id":"https:\/\/devriesendevries.nl\/#\/schema\/logo\/image\/","url":"https:\/\/devriesendevries.nl\/wp-content\/uploads\/2025\/11\/cropped-Antiques-DeVries-Favicon.png","contentUrl":"https:\/\/devriesendevries.nl\/wp-content\/uploads\/2025\/11\/cropped-Antiques-DeVries-Favicon.png","width":512,"height":512,"caption":"devriesendevries.nl"},"image":{"@id":"https:\/\/devriesendevries.nl\/#\/schema\/logo\/image\/"},"sameAs":["https:\/\/www.facebook.com\/profile.php?id=100088880207660#","https:\/\/www.instagram.com\/pietersprints\/"]}]}},"_links":{"self":[{"href":"https:\/\/devriesendevries.nl\/nl\/wp-json\/wp\/v2\/product\/1742","targetHints":{"allow":["GET"]}}],"collection":[{"href":"https:\/\/devriesendevries.nl\/nl\/wp-json\/wp\/v2\/product"}],"about":[{"href":"https:\/\/devriesendevries.nl\/nl\/wp-json\/wp\/v2\/types\/product"}],"replies":[{"embeddable":true,"href":"https:\/\/devriesendevries.nl\/nl\/wp-json\/wp\/v2\/comments?post=1742"}],"version-history":[{"count":2,"href":"https:\/\/devriesendevries.nl\/nl\/wp-json\/wp\/v2\/product\/1742\/revisions"}],"predecessor-version":[{"id":1753,"href":"https:\/\/devriesendevries.nl\/nl\/wp-json\/wp\/v2\/product\/1742\/revisions\/1753"}],"wp:featuredmedia":[{"embeddable":true,"href":"https:\/\/devriesendevries.nl\/nl\/wp-json\/wp\/v2\/media\/1743"}],"wp:attachment":[{"href":"https:\/\/devriesendevries.nl\/nl\/wp-json\/wp\/v2\/media?parent=1742"}],"wp:term":[{"taxonomy":"product_brand","embeddable":true,"href":"https:\/\/devriesendevries.nl\/nl\/wp-json\/wp\/v2\/product_brand?post=1742"},{"taxonomy":"product_cat","embeddable":true,"href":"https:\/\/devriesendevries.nl\/nl\/wp-json\/wp\/v2\/product_cat?post=1742"},{"taxonomy":"product_tag","embeddable":true,"href":"https:\/\/devriesendevries.nl\/nl\/wp-json\/wp\/v2\/product_tag?post=1742"}],"curies":[{"name":"wp","href":"https:\/\/api.w.org\/{rel}","templated":true}]}}