{"id":1696,"date":"2025-12-03T20:54:32","date_gmt":"2025-12-03T20:54:32","guid":{"rendered":"https:\/\/devriesendevries.nl\/?post_type=product&#038;p=1696"},"modified":"2025-12-05T12:59:12","modified_gmt":"2025-12-05T12:59:12","slug":"uitzicht-op-geneve","status":"publish","type":"product","link":"https:\/\/devriesendevries.nl\/nl\/product\/view-of-geneva\/","title":{"rendered":"Uitzicht op Gen\u00e8ve"},"content":{"rendered":"<p>Deze vintage gravure van Gen\u00e8ve toont Gen\u00e8ve vanaf de waterval van de Rh\u00f4ne. Ontworpen door Perignan en uitgegeven door Balthazar Frederic Leizel in Augsburg rond 1760, meet het 30 bij 41 cm. De met de hand ingekleurde prent cre\u00ebert een levendig optisch effect als een Guckkastenblatt of Vue d'Optique. Verzamelaars zijn dol op deze perspectiefweergaven vanwege hun driedimensionale illusie en gedetailleerde stadsgezichten. Het kunstwerk is in zeer goede staat. Het toont de historische architectuur en de rivieromgeving van Gen\u00e8ve in de 18e eeuw. Deze vintage gravure van Gen\u00e8ve is geschikt voor geschiedenisliefhebbers en liefhebbers van Europese stadsgezichten. Hang hem op om te genieten van een charmant stukje Zwitsers erfgoed en grafische kunst.<\/p>","protected":false},"excerpt":{"rendered":"<p>This vintage Geneva engraving captures Geneva from the Rhone River fall. Designed by Perignan and published by Balthazar Frederic Leizel in Augsburg around 1760, it measures 30 by 41 cm. The hand-colored print creates a vivid optical effect as a Guckkastenblatt or Vue d&#8217;Optique. Collectors love these perspective views for their three-dimensional illusion and detailed [&hellip;]<\/p>\n","protected":false},"featured_media":1697,"comment_status":"open","ping_status":"closed","template":"","meta":{"_acf_changed":false},"product_brand":[],"product_cat":[20,26],"product_tag":[],"class_list":{"0":"post-1696","1":"product","2":"type-product","3":"status-publish","4":"has-post-thumbnail","6":"product_cat-city-views","7":"product_cat-european-city-views","8":"pa_artist-nicolas-perignon","9":"pa_condition-very-good-condition","10":"pa_era-18-century","11":"pa_orientation-landscape-orientation","13":"first","14":"instock","15":"taxable","16":"shipping-taxable","17":"purchasable","18":"product-type-simple"},"acf":[],"yoast_head":"<!-- This site is optimized with the Yoast SEO plugin v27.3 - https:\/\/yoast.com\/product\/yoast-seo-wordpress\/ -->\n<title>Vintage Geneva Engraving - by Perignan ca. 1760<\/title>\n<meta name=\"description\" content=\"Discover a vintage Geneva engraving showing the city from the Rhone River, handcolored optical print by Perignan published ca. 1760.\" \/>\n<meta name=\"robots\" content=\"index, follow, max-snippet:-1, max-image-preview:large, max-video-preview:-1\" \/>\n<link rel=\"canonical\" href=\"https:\/\/devriesendevries.nl\/nl\/product\/uitzicht-op-geneve\/\" \/>\n<meta property=\"og:locale\" content=\"nl_NL\" \/>\n<meta property=\"og:type\" content=\"article\" \/>\n<meta property=\"og:title\" content=\"Vintage Geneva Engraving - by Perignan ca. 1760\" \/>\n<meta property=\"og:description\" content=\"Discover a vintage Geneva engraving showing the city from the Rhone River, handcolored optical print by Perignan published ca. 1760.\" \/>\n<meta property=\"og:url\" content=\"https:\/\/devriesendevries.nl\/nl\/product\/uitzicht-op-geneve\/\" \/>\n<meta property=\"og:site_name\" content=\"devriesendevries.nl\" \/>\n<meta property=\"article:publisher\" content=\"https:\/\/www.facebook.com\/profile.php?id=100088880207660#\" \/>\n<meta property=\"article:modified_time\" content=\"2025-12-05T12:59:12+00:00\" \/>\n<meta property=\"og:image\" content=\"https:\/\/devriesendevries.nl\/wp-content\/uploads\/2025\/12\/View-of-Geneva.jpg\" \/>\n\t<meta property=\"og:image:width\" content=\"2000\" \/>\n\t<meta property=\"og:image:height\" content=\"1453\" \/>\n\t<meta property=\"og:image:type\" content=\"image\/jpeg\" \/>\n<meta name=\"twitter:card\" content=\"summary_large_image\" \/>\n<meta name=\"twitter:label1\" content=\"Geschatte leestijd\" \/>\n\t<meta name=\"twitter:data1\" content=\"1 minuut\" \/>\n<script type=\"application\/ld+json\" class=\"yoast-schema-graph\">{\"@context\":\"https:\\\/\\\/schema.org\",\"@graph\":[{\"@type\":\"WebPage\",\"@id\":\"https:\\\/\\\/devriesendevries.nl\\\/product\\\/view-of-geneva\\\/\",\"url\":\"https:\\\/\\\/devriesendevries.nl\\\/product\\\/view-of-geneva\\\/\",\"name\":\"Vintage Geneva Engraving - by Perignan ca. 1760\",\"isPartOf\":{\"@id\":\"https:\\\/\\\/devriesendevries.nl\\\/#website\"},\"primaryImageOfPage\":{\"@id\":\"https:\\\/\\\/devriesendevries.nl\\\/product\\\/view-of-geneva\\\/#primaryimage\"},\"image\":{\"@id\":\"https:\\\/\\\/devriesendevries.nl\\\/product\\\/view-of-geneva\\\/#primaryimage\"},\"thumbnailUrl\":\"https:\\\/\\\/devriesendevries.nl\\\/wp-content\\\/uploads\\\/2025\\\/12\\\/View-of-Geneva.jpg\",\"datePublished\":\"2025-12-03T20:54:32+00:00\",\"dateModified\":\"2025-12-05T12:59:12+00:00\",\"description\":\"Discover a vintage Geneva engraving showing the city from the Rhone River, handcolored optical print by Perignan published ca. 1760.\",\"breadcrumb\":{\"@id\":\"https:\\\/\\\/devriesendevries.nl\\\/product\\\/view-of-geneva\\\/#breadcrumb\"},\"inLanguage\":\"nl-NL\",\"potentialAction\":[{\"@type\":\"ReadAction\",\"target\":[\"https:\\\/\\\/devriesendevries.nl\\\/product\\\/view-of-geneva\\\/\"]}]},{\"@type\":\"ImageObject\",\"inLanguage\":\"nl-NL\",\"@id\":\"https:\\\/\\\/devriesendevries.nl\\\/product\\\/view-of-geneva\\\/#primaryimage\",\"url\":\"https:\\\/\\\/devriesendevries.nl\\\/wp-content\\\/uploads\\\/2025\\\/12\\\/View-of-Geneva.jpg\",\"contentUrl\":\"https:\\\/\\\/devriesendevries.nl\\\/wp-content\\\/uploads\\\/2025\\\/12\\\/View-of-Geneva.jpg\",\"width\":2000,\"height\":1453,\"caption\":\"View of Geneva\"},{\"@type\":\"BreadcrumbList\",\"@id\":\"https:\\\/\\\/devriesendevries.nl\\\/product\\\/view-of-geneva\\\/#breadcrumb\",\"itemListElement\":[{\"@type\":\"ListItem\",\"position\":1,\"name\":\"Home\",\"item\":\"https:\\\/\\\/devriesendevries.nl\\\/\"},{\"@type\":\"ListItem\",\"position\":2,\"name\":\"Shop\",\"item\":\"https:\\\/\\\/devriesendevries.nl\\\/shop\\\/\"},{\"@type\":\"ListItem\",\"position\":3,\"name\":\"View of Geneva\"}]},{\"@type\":\"WebSite\",\"@id\":\"https:\\\/\\\/devriesendevries.nl\\\/#website\",\"url\":\"https:\\\/\\\/devriesendevries.nl\\\/\",\"name\":\"devriesendevries.nl\",\"description\":\"Antique Maps and Prints\",\"publisher\":{\"@id\":\"https:\\\/\\\/devriesendevries.nl\\\/#organization\"},\"potentialAction\":[{\"@type\":\"SearchAction\",\"target\":{\"@type\":\"EntryPoint\",\"urlTemplate\":\"https:\\\/\\\/devriesendevries.nl\\\/?s={search_term_string}\"},\"query-input\":{\"@type\":\"PropertyValueSpecification\",\"valueRequired\":true,\"valueName\":\"search_term_string\"}}],\"inLanguage\":\"nl-NL\"},{\"@type\":\"Organization\",\"@id\":\"https:\\\/\\\/devriesendevries.nl\\\/#organization\",\"name\":\"devriesendevries.nl\",\"url\":\"https:\\\/\\\/devriesendevries.nl\\\/\",\"logo\":{\"@type\":\"ImageObject\",\"inLanguage\":\"nl-NL\",\"@id\":\"https:\\\/\\\/devriesendevries.nl\\\/#\\\/schema\\\/logo\\\/image\\\/\",\"url\":\"https:\\\/\\\/devriesendevries.nl\\\/wp-content\\\/uploads\\\/2025\\\/11\\\/cropped-Antiques-DeVries-Favicon.png\",\"contentUrl\":\"https:\\\/\\\/devriesendevries.nl\\\/wp-content\\\/uploads\\\/2025\\\/11\\\/cropped-Antiques-DeVries-Favicon.png\",\"width\":512,\"height\":512,\"caption\":\"devriesendevries.nl\"},\"image\":{\"@id\":\"https:\\\/\\\/devriesendevries.nl\\\/#\\\/schema\\\/logo\\\/image\\\/\"},\"sameAs\":[\"https:\\\/\\\/www.facebook.com\\\/profile.php?id=100088880207660#\",\"https:\\\/\\\/www.instagram.com\\\/pietersprints\\\/\"]}]}<\/script>\n<!-- \/ Yoast SEO plugin. -->","yoast_head_json":{"title":"Vintage Gen\u00e8ve-gravure - door Perignan, ca. 1760","description":"Ontdek een vintage gravure van Gen\u00e8ve vanuit de Rh\u00f4ne, een met de hand ingekleurde optische prent van Perignan, gepubliceerd rond 1760.","robots":{"index":"index","follow":"follow","max-snippet":"max-snippet:-1","max-image-preview":"max-image-preview:large","max-video-preview":"max-video-preview:-1"},"canonical":"https:\/\/devriesendevries.nl\/nl\/product\/uitzicht-op-geneve\/","og_locale":"nl_NL","og_type":"article","og_title":"Vintage Geneva Engraving - by Perignan ca. 1760","og_description":"Discover a vintage Geneva engraving showing the city from the Rhone River, handcolored optical print by Perignan published ca. 1760.","og_url":"https:\/\/devriesendevries.nl\/nl\/product\/uitzicht-op-geneve\/","og_site_name":"devriesendevries.nl","article_publisher":"https:\/\/www.facebook.com\/profile.php?id=100088880207660#","article_modified_time":"2025-12-05T12:59:12+00:00","og_image":[{"width":2000,"height":1453,"url":"https:\/\/devriesendevries.nl\/wp-content\/uploads\/2025\/12\/View-of-Geneva.jpg","type":"image\/jpeg"}],"twitter_card":"summary_large_image","twitter_misc":{"Geschatte leestijd":"1 minuut"},"schema":{"@context":"https:\/\/schema.org","@graph":[{"@type":"WebPage","@id":"https:\/\/devriesendevries.nl\/product\/view-of-geneva\/","url":"https:\/\/devriesendevries.nl\/product\/view-of-geneva\/","name":"Vintage Gen\u00e8ve-gravure - door Perignan, ca. 1760","isPartOf":{"@id":"https:\/\/devriesendevries.nl\/#website"},"primaryImageOfPage":{"@id":"https:\/\/devriesendevries.nl\/product\/view-of-geneva\/#primaryimage"},"image":{"@id":"https:\/\/devriesendevries.nl\/product\/view-of-geneva\/#primaryimage"},"thumbnailUrl":"https:\/\/devriesendevries.nl\/wp-content\/uploads\/2025\/12\/View-of-Geneva.jpg","datePublished":"2025-12-03T20:54:32+00:00","dateModified":"2025-12-05T12:59:12+00:00","description":"Ontdek een vintage gravure van Gen\u00e8ve vanuit de Rh\u00f4ne, een met de hand ingekleurde optische prent van Perignan, gepubliceerd rond 1760.","breadcrumb":{"@id":"https:\/\/devriesendevries.nl\/product\/view-of-geneva\/#breadcrumb"},"inLanguage":"nl-NL","potentialAction":[{"@type":"ReadAction","target":["https:\/\/devriesendevries.nl\/product\/view-of-geneva\/"]}]},{"@type":"ImageObject","inLanguage":"nl-NL","@id":"https:\/\/devriesendevries.nl\/product\/view-of-geneva\/#primaryimage","url":"https:\/\/devriesendevries.nl\/wp-content\/uploads\/2025\/12\/View-of-Geneva.jpg","contentUrl":"https:\/\/devriesendevries.nl\/wp-content\/uploads\/2025\/12\/View-of-Geneva.jpg","width":2000,"height":1453,"caption":"View of Geneva"},{"@type":"BreadcrumbList","@id":"https:\/\/devriesendevries.nl\/product\/view-of-geneva\/#breadcrumb","itemListElement":[{"@type":"ListItem","position":1,"name":"Home","item":"https:\/\/devriesendevries.nl\/"},{"@type":"ListItem","position":2,"name":"Shop","item":"https:\/\/devriesendevries.nl\/shop\/"},{"@type":"ListItem","position":3,"name":"View of Geneva"}]},{"@type":"WebSite","@id":"https:\/\/devriesendevries.nl\/#website","url":"https:\/\/devriesendevries.nl\/","name":"devriesendevries.nl","description":"Antique Maps and Prints","publisher":{"@id":"https:\/\/devriesendevries.nl\/#organization"},"potentialAction":[{"@type":"SearchAction","target":{"@type":"EntryPoint","urlTemplate":"https:\/\/devriesendevries.nl\/?s={search_term_string}"},"query-input":{"@type":"PropertyValueSpecification","valueRequired":true,"valueName":"search_term_string"}}],"inLanguage":"nl-NL"},{"@type":"Organization","@id":"https:\/\/devriesendevries.nl\/#organization","name":"devriesendevries.nl","url":"https:\/\/devriesendevries.nl\/","logo":{"@type":"ImageObject","inLanguage":"nl-NL","@id":"https:\/\/devriesendevries.nl\/#\/schema\/logo\/image\/","url":"https:\/\/devriesendevries.nl\/wp-content\/uploads\/2025\/11\/cropped-Antiques-DeVries-Favicon.png","contentUrl":"https:\/\/devriesendevries.nl\/wp-content\/uploads\/2025\/11\/cropped-Antiques-DeVries-Favicon.png","width":512,"height":512,"caption":"devriesendevries.nl"},"image":{"@id":"https:\/\/devriesendevries.nl\/#\/schema\/logo\/image\/"},"sameAs":["https:\/\/www.facebook.com\/profile.php?id=100088880207660#","https:\/\/www.instagram.com\/pietersprints\/"]}]}},"_links":{"self":[{"href":"https:\/\/devriesendevries.nl\/nl\/wp-json\/wp\/v2\/product\/1696","targetHints":{"allow":["GET"]}}],"collection":[{"href":"https:\/\/devriesendevries.nl\/nl\/wp-json\/wp\/v2\/product"}],"about":[{"href":"https:\/\/devriesendevries.nl\/nl\/wp-json\/wp\/v2\/types\/product"}],"replies":[{"embeddable":true,"href":"https:\/\/devriesendevries.nl\/nl\/wp-json\/wp\/v2\/comments?post=1696"}],"version-history":[{"count":1,"href":"https:\/\/devriesendevries.nl\/nl\/wp-json\/wp\/v2\/product\/1696\/revisions"}],"predecessor-version":[{"id":1698,"href":"https:\/\/devriesendevries.nl\/nl\/wp-json\/wp\/v2\/product\/1696\/revisions\/1698"}],"wp:featuredmedia":[{"embeddable":true,"href":"https:\/\/devriesendevries.nl\/nl\/wp-json\/wp\/v2\/media\/1697"}],"wp:attachment":[{"href":"https:\/\/devriesendevries.nl\/nl\/wp-json\/wp\/v2\/media?parent=1696"}],"wp:term":[{"taxonomy":"product_brand","embeddable":true,"href":"https:\/\/devriesendevries.nl\/nl\/wp-json\/wp\/v2\/product_brand?post=1696"},{"taxonomy":"product_cat","embeddable":true,"href":"https:\/\/devriesendevries.nl\/nl\/wp-json\/wp\/v2\/product_cat?post=1696"},{"taxonomy":"product_tag","embeddable":true,"href":"https:\/\/devriesendevries.nl\/nl\/wp-json\/wp\/v2\/product_tag?post=1696"}],"curies":[{"name":"wp","href":"https:\/\/api.w.org\/{rel}","templated":true}]}}